{"id":1082,"date":"2015-07-27T13:57:21","date_gmt":"2015-07-27T13:57:21","guid":{"rendered":"https:\/\/www.halsauto.dk\/forside\/?lang=nb"},"modified":"2023-02-01T15:57:13","modified_gmt":"2023-02-01T14:57:13","slug":"forside","status":"publish","type":"page","link":"https:\/\/www.halsauto.dk\/nb\/","title":{"rendered":"Forside"},"content":{"rendered":"<div id=\"cs-content\" class=\"cs-content\"><\/div>\n","protected":false},"excerpt":{"rendered":"<p>&nbsp;\u00c5BNINGSTIDER V\u00e6rksted: Man &#8211; fre: 7.00 &#8211; 16.00 Vaskehal: Alle dage: 7.00 &#8211; 22.00BESTIL TID &#8211; KLIK HER&nbsp;Meget mere end et v\u00e6rksted!Vores m\u00e5l er at g\u00f8re det let og effektivt for dig, at finde netop det k\u00f8ret\u00f8j eller den v\u00e6rkstedsservice, du har brug for. Derfor beh\u00f8ver du ikke l\u00e6ngere at k\u00f8re 3-4 steder hen for at finde, hvad du skal &#8230; <a href=\"https:\/\/www.halsauto.dk\/nb\/\" class=\"more-link\">Read More<\/a><\/p>\n","protected":false},"author":1,"featured_media":0,"parent":0,"menu_order":0,"comment_status":"closed","ping_status":"closed","template":"template-blank-4.php","meta":{"rs_blank_template":"","rs_page_bg_color":"","slide_template_v7":"","_monsterinsights_skip_tracking":false,"_monsterinsights_sitenote_active":false,"_monsterinsights_sitenote_note":"","_monsterinsights_sitenote_category":0,"footnotes":""},"class_list":["post-1082","page","type-page","status-publish","hentry","no-post-thumbnail"],"yoast_head":"<!-- This site is optimized with the Yoast SEO plugin v27.4 - https:\/\/yoast.com\/product\/yoast-seo-wordpress\/ -->\n<title>Auto verksted i Hals - Verd \u00e5 kj\u00f8re etter<\/title>\n<meta name=\"description\" content=\"Bes\u00f8k Hals Auto - din lokale auto senter, har vi samlet alt relatert service og salg av biler \/ varebiler, sykler og hageutstyr under ett tak.\" \/>\n<meta name=\"robots\" content=\"index, follow, max-snippet:-1, max-image-preview:large, max-video-preview:-1\" \/>\n<link rel=\"canonical\" href=\"https:\/\/www.halsauto.dk\/nb\/forside\/\" \/>\n<meta property=\"og:locale\" content=\"nb_NO\" \/>\n<meta property=\"og:type\" content=\"article\" \/>\n<meta property=\"og:title\" content=\"Auto verksted i Hals - Verd \u00e5 kj\u00f8re etter\" \/>\n<meta property=\"og:description\" content=\"Bes\u00f8k Hals Auto - din lokale auto senter, har vi samlet alt relatert service og salg av biler \/ varebiler, sykler og hageutstyr under ett tak.\" \/>\n<meta property=\"og:url\" content=\"https:\/\/www.halsauto.dk\/nb\/forside\/\" \/>\n<meta property=\"og:site_name\" content=\"Hals Auto\" \/>\n<meta property=\"article:publisher\" content=\"https:\/\/www.facebook.com\/halsauto.dk\/\" \/>\n<meta property=\"article:modified_time\" content=\"2023-02-01T14:57:13+00:00\" \/>\n<meta property=\"og:image\" content=\"https:\/\/www.halsauto.dk\/wp-content\/uploads\/2015\/07\/Hals-Auto-share.jpg\" \/>\n\t<meta property=\"og:image:width\" content=\"1200\" \/>\n\t<meta property=\"og:image:height\" content=\"628\" \/>\n\t<meta property=\"og:image:type\" content=\"image\/jpeg\" \/>\n<meta name=\"twitter:card\" content=\"summary_large_image\" \/>\n<meta name=\"twitter:image\" content=\"https:\/\/www.halsauto.dk\/wp-content\/uploads\/2015\/07\/Hals-Auto-share.jpg\" \/>\n<meta name=\"twitter:label1\" content=\"Ansl. lesetid\" \/>\n\t<meta name=\"twitter:data1\" content=\"12 minutter\" \/>\n<script type=\"application\/ld+json\" class=\"yoast-schema-graph\">{\"@context\":\"https:\\\/\\\/schema.org\",\"@graph\":[{\"@type\":\"WebPage\",\"@id\":\"https:\\\/\\\/www.halsauto.dk\\\/nb\\\/forside\\\/\",\"url\":\"https:\\\/\\\/www.halsauto.dk\\\/nb\\\/forside\\\/\",\"name\":\"Auto verksted i Hals - Verd \u00e5 kj\u00f8re etter\",\"isPartOf\":{\"@id\":\"https:\\\/\\\/www.halsauto.dk\\\/#website\"},\"primaryImageOfPage\":{\"@id\":\"https:\\\/\\\/www.halsauto.dk\\\/nb\\\/forside\\\/#primaryimage\"},\"image\":{\"@id\":\"https:\\\/\\\/www.halsauto.dk\\\/nb\\\/forside\\\/#primaryimage\"},\"thumbnailUrl\":\"https:\\\/\\\/www.halsauto.dk\\\/wp-content\\\/uploads\\\/2015\\\/09\\\/Tab-autoservice.png\",\"datePublished\":\"2015-07-27T13:57:21+00:00\",\"dateModified\":\"2023-02-01T14:57:13+00:00\",\"description\":\"Bes\u00f8k Hals Auto - din lokale auto senter, har vi samlet alt relatert service og salg av biler \\\/ varebiler, sykler og hageutstyr under ett tak.\",\"breadcrumb\":{\"@id\":\"https:\\\/\\\/www.halsauto.dk\\\/nb\\\/forside\\\/#breadcrumb\"},\"inLanguage\":\"nb-NO\",\"potentialAction\":[{\"@type\":\"ReadAction\",\"target\":[\"https:\\\/\\\/www.halsauto.dk\\\/nb\\\/forside\\\/\"]}]},{\"@type\":\"ImageObject\",\"inLanguage\":\"nb-NO\",\"@id\":\"https:\\\/\\\/www.halsauto.dk\\\/nb\\\/forside\\\/#primaryimage\",\"url\":\"https:\\\/\\\/www.halsauto.dk\\\/wp-content\\\/uploads\\\/2015\\\/09\\\/Tab-autoservice.png\",\"contentUrl\":\"https:\\\/\\\/www.halsauto.dk\\\/wp-content\\\/uploads\\\/2015\\\/09\\\/Tab-autoservice.png\"},{\"@type\":\"BreadcrumbList\",\"@id\":\"https:\\\/\\\/www.halsauto.dk\\\/nb\\\/forside\\\/#breadcrumb\",\"itemListElement\":[{\"@type\":\"ListItem\",\"position\":1,\"name\":\"Hjem\",\"item\":\"https:\\\/\\\/www.halsauto.dk\\\/nb\\\/forside\\\/\"},{\"@type\":\"ListItem\",\"position\":2,\"name\":\"Forside\"}]},{\"@type\":\"WebSite\",\"@id\":\"https:\\\/\\\/www.halsauto.dk\\\/#website\",\"url\":\"https:\\\/\\\/www.halsauto.dk\\\/\",\"name\":\"Hals Auto\",\"description\":\"V\u00e6rd at k\u00f8re efter\",\"potentialAction\":[{\"@type\":\"SearchAction\",\"target\":{\"@type\":\"EntryPoint\",\"urlTemplate\":\"https:\\\/\\\/www.halsauto.dk\\\/?s={search_term_string}\"},\"query-input\":{\"@type\":\"PropertyValueSpecification\",\"valueRequired\":true,\"valueName\":\"search_term_string\"}}],\"inLanguage\":\"nb-NO\"}]}<\/script>\n<!-- \/ Yoast SEO plugin. -->","yoast_head_json":{"title":"Auto verksted i Hals - Verd \u00e5 kj\u00f8re etter","description":"Bes\u00f8k Hals Auto - din lokale auto senter, har vi samlet alt relatert service og salg av biler \/ varebiler, sykler og hageutstyr under ett tak.","robots":{"index":"index","follow":"follow","max-snippet":"max-snippet:-1","max-image-preview":"max-image-preview:large","max-video-preview":"max-video-preview:-1"},"canonical":"https:\/\/www.halsauto.dk\/nb\/forside\/","og_locale":"nb_NO","og_type":"article","og_title":"Auto verksted i Hals - Verd \u00e5 kj\u00f8re etter","og_description":"Bes\u00f8k Hals Auto - din lokale auto senter, har vi samlet alt relatert service og salg av biler \/ varebiler, sykler og hageutstyr under ett tak.","og_url":"https:\/\/www.halsauto.dk\/nb\/forside\/","og_site_name":"Hals Auto","article_publisher":"https:\/\/www.facebook.com\/halsauto.dk\/","article_modified_time":"2023-02-01T14:57:13+00:00","og_image":[{"width":1200,"height":628,"url":"https:\/\/www.halsauto.dk\/wp-content\/uploads\/2015\/07\/Hals-Auto-share.jpg","type":"image\/jpeg"}],"twitter_card":"summary_large_image","twitter_image":"https:\/\/www.halsauto.dk\/wp-content\/uploads\/2015\/07\/Hals-Auto-share.jpg","twitter_misc":{"Ansl. lesetid":"12 minutter"},"schema":{"@context":"https:\/\/schema.org","@graph":[{"@type":"WebPage","@id":"https:\/\/www.halsauto.dk\/nb\/forside\/","url":"https:\/\/www.halsauto.dk\/nb\/forside\/","name":"Auto verksted i Hals - Verd \u00e5 kj\u00f8re etter","isPartOf":{"@id":"https:\/\/www.halsauto.dk\/#website"},"primaryImageOfPage":{"@id":"https:\/\/www.halsauto.dk\/nb\/forside\/#primaryimage"},"image":{"@id":"https:\/\/www.halsauto.dk\/nb\/forside\/#primaryimage"},"thumbnailUrl":"https:\/\/www.halsauto.dk\/wp-content\/uploads\/2015\/09\/Tab-autoservice.png","datePublished":"2015-07-27T13:57:21+00:00","dateModified":"2023-02-01T14:57:13+00:00","description":"Bes\u00f8k Hals Auto - din lokale auto senter, har vi samlet alt relatert service og salg av biler \/ varebiler, sykler og hageutstyr under ett tak.","breadcrumb":{"@id":"https:\/\/www.halsauto.dk\/nb\/forside\/#breadcrumb"},"inLanguage":"nb-NO","potentialAction":[{"@type":"ReadAction","target":["https:\/\/www.halsauto.dk\/nb\/forside\/"]}]},{"@type":"ImageObject","inLanguage":"nb-NO","@id":"https:\/\/www.halsauto.dk\/nb\/forside\/#primaryimage","url":"https:\/\/www.halsauto.dk\/wp-content\/uploads\/2015\/09\/Tab-autoservice.png","contentUrl":"https:\/\/www.halsauto.dk\/wp-content\/uploads\/2015\/09\/Tab-autoservice.png"},{"@type":"BreadcrumbList","@id":"https:\/\/www.halsauto.dk\/nb\/forside\/#breadcrumb","itemListElement":[{"@type":"ListItem","position":1,"name":"Hjem","item":"https:\/\/www.halsauto.dk\/nb\/forside\/"},{"@type":"ListItem","position":2,"name":"Forside"}]},{"@type":"WebSite","@id":"https:\/\/www.halsauto.dk\/#website","url":"https:\/\/www.halsauto.dk\/","name":"Hals Auto","description":"V\u00e6rd at k\u00f8re efter","potentialAction":[{"@type":"SearchAction","target":{"@type":"EntryPoint","urlTemplate":"https:\/\/www.halsauto.dk\/?s={search_term_string}"},"query-input":{"@type":"PropertyValueSpecification","valueRequired":true,"valueName":"search_term_string"}}],"inLanguage":"nb-NO"}]}},"_links":{"self":[{"href":"https:\/\/www.halsauto.dk\/nb\/wp-json\/wp\/v2\/pages\/1082","targetHints":{"allow":["GET"]}}],"collection":[{"href":"https:\/\/www.halsauto.dk\/nb\/wp-json\/wp\/v2\/pages"}],"about":[{"href":"https:\/\/www.halsauto.dk\/nb\/wp-json\/wp\/v2\/types\/page"}],"author":[{"embeddable":true,"href":"https:\/\/www.halsauto.dk\/nb\/wp-json\/wp\/v2\/users\/1"}],"replies":[{"embeddable":true,"href":"https:\/\/www.halsauto.dk\/nb\/wp-json\/wp\/v2\/comments?post=1082"}],"version-history":[{"count":13,"href":"https:\/\/www.halsauto.dk\/nb\/wp-json\/wp\/v2\/pages\/1082\/revisions"}],"predecessor-version":[{"id":2167,"href":"https:\/\/www.halsauto.dk\/nb\/wp-json\/wp\/v2\/pages\/1082\/revisions\/2167"}],"wp:attachment":[{"href":"https:\/\/www.halsauto.dk\/nb\/wp-json\/wp\/v2\/media?parent=1082"}],"curies":[{"name":"wp","href":"https:\/\/api.w.org\/{rel}","templated":true}]}}